{"id":8372,"date":"2025-09-23T10:26:06","date_gmt":"2025-09-23T08:26:06","guid":{"rendered":"https:\/\/toldoscerca.com\/?post_type=product&#038;p=8372"},"modified":"2025-09-23T10:28:12","modified_gmt":"2025-09-23T08:28:12","slug":"storbox-s-300","status":"publish","type":"product","link":"https:\/\/toldoscerca.com\/en\/product\/storage-box-s-300\/","title":{"rendered":"Storbox S-300"},"content":{"rendered":"<p>Since 1993, the Storbox range has continued to grow with new, innovative models that adapt to people&#039;s needs and provide the best solutions for your daily life. The STORBOX S-300 box is a practical and functional awning, with benefits that convince both installers and users.<\/p>\n<p>Our Technical Department has worked hard on the design of this model, creating an excellent professional product. It offers even faster and easier installation, comfortable and effective adjustment, a wide tilt range in all positions, a long 6-meter line without the need for intermediate supports, and so on. The result is a versatile box that adapts to all spaces and operates both manually and motorized, with the same type of 100% aluminum covers. In all versions, the STORBOX S-300 offers a highly durable and resistant appearance.<\/p>","protected":false},"excerpt":{"rendered":"<p>Chest bla bla bla balsdajkasdjlfk jasdk fl\u00f1jsd lfjka lksdjf kla\u00f1sjdf k\u00f1jsq dkfjaldksfjakl\u00f1sdj lkjads \u00f1klj fa\u00f1sklj dflk\u00f1jadslkjfads<\/p>","protected":false},"featured_media":0,"comment_status":"open","ping_status":"closed","template":"","meta":{"_acf_changed":false},"product_brand":[48],"product_cat":[55],"product_tag":[],"class_list":{"0":"post-8372","1":"product","2":"type-product","3":"status-publish","5":"product_brand-llaza","6":"product_cat-toldos-cofre","8":"first","9":"instock","10":"shipping-taxable","11":"purchasable","12":"product-type-simple"},"acf":[],"_links":{"self":[{"href":"https:\/\/toldoscerca.com\/en\/wp-json\/wp\/v2\/product\/8372","targetHints":{"allow":["GET"]}}],"collection":[{"href":"https:\/\/toldoscerca.com\/en\/wp-json\/wp\/v2\/product"}],"about":[{"href":"https:\/\/toldoscerca.com\/en\/wp-json\/wp\/v2\/types\/product"}],"replies":[{"embeddable":true,"href":"https:\/\/toldoscerca.com\/en\/wp-json\/wp\/v2\/comments?post=8372"}],"wp:attachment":[{"href":"https:\/\/toldoscerca.com\/en\/wp-json\/wp\/v2\/media?parent=8372"}],"wp:term":[{"taxonomy":"product_brand","embeddable":true,"href":"https:\/\/toldoscerca.com\/en\/wp-json\/wp\/v2\/product_brand?post=8372"},{"taxonomy":"product_cat","embeddable":true,"href":"https:\/\/toldoscerca.com\/en\/wp-json\/wp\/v2\/product_cat?post=8372"},{"taxonomy":"product_tag","embeddable":true,"href":"https:\/\/toldoscerca.com\/en\/wp-json\/wp\/v2\/product_tag?post=8372"}],"curies":[{"name":"wp","href":"https:\/\/api.w.org\/{rel}","templated":true}]}}