{"id":8372,"date":"2025-09-23T10:26:06","date_gmt":"2025-09-23T08:26:06","guid":{"rendered":"https:\/\/toldoscerca.com\/?post_type=product&#038;p=8372"},"modified":"2025-09-23T10:28:12","modified_gmt":"2025-09-23T08:28:12","slug":"storbox-s-300","status":"publish","type":"product","link":"https:\/\/toldoscerca.com\/ca\/producte\/storbox-s-300\/","title":{"rendered":"Storbox S-300"},"content":{"rendered":"<p>Des de 1993 la gamma Storbox no ha parat de cr\u00e9ixer amb nous models innovadors que s&#039;adapten a les necessitats de les persones i que aporten les millors solucions per al teu dia a dia. El cofre STORBOX S-300 \u00e9s un tendal pr\u00e0ctic i funcional, amb beneficis que convencen tant els instal\u00b7ladors com els mateixos usuaris.<\/p>\n<p>La nostra Oficina T\u00e8cnica s&#039;ha emprat a fons en el disseny d&#039;aquest model fins a obtenir un producte excel\u00b7lent a nivell professional; amb una instal\u00b7laci\u00f3 encara m\u00e9s f\u00e0cil i r\u00e0pida, una regulaci\u00f3 c\u00f2moda i efectiva, un rang d&#039;inclinaci\u00f3 ampli a totes les seves posicions, una gran l\u00ednia de 6 metres sense necessitat de suports intermedis\u2026etc. El resultat \u00e9s un cofre vers\u00e0til, que s&#039;adapta a tots els espais i que funciona tant manualment com a motor amb el mateix tipus de tapes 100% d&#039;alumini. A totes les versions, STORBOX S-300 proporciona un aspecte de gran durabilitat i resist\u00e8ncia.<\/p>","protected":false},"excerpt":{"rendered":"<p>Cofre bla bla bla balsdajkasdjlfk jasdk fl\u00f1jsd lfjka lksdjf kla\u00f1sjdf k\u00f1jsq dkfjaldksfjakl\u00f1sdj lkjads \u00f1klj fa\u00f1sklj dflk\u00f1jadslkjfads<\/p>","protected":false},"featured_media":0,"comment_status":"open","ping_status":"closed","template":"","meta":{"_acf_changed":false},"product_brand":[48],"product_cat":[55],"product_tag":[],"class_list":{"0":"post-8372","1":"product","2":"type-product","3":"status-publish","5":"product_brand-llaza","6":"product_cat-toldos-cofre","8":"first","9":"instock","10":"shipping-taxable","11":"purchasable","12":"product-type-simple"},"acf":[],"_links":{"self":[{"href":"https:\/\/toldoscerca.com\/ca\/wp-json\/wp\/v2\/product\/8372","targetHints":{"allow":["GET"]}}],"collection":[{"href":"https:\/\/toldoscerca.com\/ca\/wp-json\/wp\/v2\/product"}],"about":[{"href":"https:\/\/toldoscerca.com\/ca\/wp-json\/wp\/v2\/types\/product"}],"replies":[{"embeddable":true,"href":"https:\/\/toldoscerca.com\/ca\/wp-json\/wp\/v2\/comments?post=8372"}],"wp:attachment":[{"href":"https:\/\/toldoscerca.com\/ca\/wp-json\/wp\/v2\/media?parent=8372"}],"wp:term":[{"taxonomy":"product_brand","embeddable":true,"href":"https:\/\/toldoscerca.com\/ca\/wp-json\/wp\/v2\/product_brand?post=8372"},{"taxonomy":"product_cat","embeddable":true,"href":"https:\/\/toldoscerca.com\/ca\/wp-json\/wp\/v2\/product_cat?post=8372"},{"taxonomy":"product_tag","embeddable":true,"href":"https:\/\/toldoscerca.com\/ca\/wp-json\/wp\/v2\/product_tag?post=8372"}],"curies":[{"name":"wp","href":"https:\/\/api.w.org\/{rel}","templated":true}]}}