{"id":6513,"date":"2025-04-19T17:44:48","date_gmt":"2025-04-19T15:44:48","guid":{"rendered":"https:\/\/toldoscerca.com\/?page_id=6513"},"modified":"2025-04-19T17:44:59","modified_gmt":"2025-04-19T15:44:59","slug":"provabot","status":"publish","type":"page","link":"https:\/\/toldoscerca.com\/ca\/provabot\/","title":{"rendered":"provabot"},"content":{"rendered":"<div data-elementor-type=\"wp-page\" data-elementor-id=\"6513\" class=\"elementor elementor-6513\" data-elementor-post-type=\"page\">\n\t\t\t\t<div class=\"elementor-element elementor-element-5f38c96 e-flex e-con-boxed e-con e-parent\" data-id=\"5f38c96\" data-element_type=\"container\" data-e-type=\"container\" data-settings=\"{&quot;wcf_enable_horizontal_scroll&quot;:&quot;no&quot;}\">\n\t\t\t\t\t<div class=\"e-con-inner\">\n\t\t\t\t<div class=\"elementor-element elementor-element-c332872 elementor-button-align-stretch elementor-widget elementor-widget-form\" data-id=\"c332872\" data-element_type=\"widget\" data-e-type=\"widget\" data-settings=\"{&quot;step_next_label&quot;:&quot;Siguiente&quot;,&quot;step_previous_label&quot;:&quot;Anterior&quot;,&quot;button_width_mobile&quot;:&quot;100&quot;,&quot;button_width&quot;:&quot;100&quot;,&quot;step_type&quot;:&quot;number_text&quot;,&quot;step_icon_shape&quot;:&quot;circle&quot;}\" data-widget_type=\"form.default\">\n\t\t\t\t<div class=\"elementor-widget-container\">\n\t\t\t\t\t<template id=\"cfef_logic_data_c332872\" class=\"cfef_logic_data_js\">{&quot;field_a111f60&quot;:{&quot;display_mode&quot;:&quot;show&quot;,&quot;fire_action&quot;:&quot;Any&quot;,&quot;file_types&quot;:&quot;png&quot;,&quot;logic_data&quot;:[{ &quot;cfef_logic_field_id&quot;:&quot;serici11&quot;,&quot;cfef_logic_field_is&quot;:&quot;==&quot;,&quot;cfef_logic_compare_value&quot;:&quot;Vull Tendal Nou&quot;,&quot;_id&quot;:&quot;b5c9c78&quot;}]},&quot;tipus_de_toldo_nou&quot;:{&quot;display_mode&quot;:&quot;show&quot;,&quot;fire_action&quot;:&quot;All&quot;,&quot;file_types&quot;:&quot;png&quot; ,&quot;logic_data&quot;:[{&quot;cfef_logic_field_id&quot;:&quot;serici11&quot;,&quot;cfef_logic_field_is&quot;:&quot;==&quot;,&quot;cfef_logic_compare_value&quot;:&quot;Tenedor Nou&quot;,&quot;_id&quot;:&quot;acc9446&quot;}]},&quot;field_a7554c6&quot;:{&quot;display_mode&quot;:&quot;show&quot;,&quot;fire_action&quot;:&quot;Any&quot;,&quot;file_types&quot;:&quot;png&quot;,&quot;ho gic_data&quot;:[{&quot;cfef_logic_field_id&quot;:&quot;sericio11&quot;,&quot;cfef_logic_field_is&quot;:&quot;==&quot;,&quot;cfef_logic_compare_value&quot;:&quot;Vull Canviar la lona&quot;,&quot;_id&quot;:&quot;b5c9c78&quot;}]},&quot;tipus_toldo_lona&quot;:{&quot;display_mode&quot;:&quot;show&quot;,&quot;fire_action&quot;:&quot;All&quot;,&quot;file_types&quot;:&quot;png&quot;,&quot;l ogic_data&quot;:[{&quot;cfef_logic_field_id&quot;:&quot;serici11&quot;,&quot;cfef_logic_field_is&quot;:&quot;==&quot;,&quot;cfef_logic_compare_value&quot;:&quot;Canvi de lona&quot;,&quot;_id&quot;:&quot;acc9446&quot;}]},&quot;l\u00ednia&quot;:{&quot;display_mode&quot;:&quot;show&quot;,&quot;fire_action&quot;:&quot;Any&quot;,&quot;file_types&quot;:&quot;png&quot;,&quot;logic_data&quot;:[{&quot;cfef_logic_field_id&quot;:&quot;tu po_de_toldo_nou&quot;,&quot;cfef_logic_field_is&quot;:&quot;c&quot;,&quot;cfef_logic_compare_value&quot;:&quot;Tendal&quot;,&quot;_id&quot;:&quot;cb51058&quot;},{&quot;cfef_logic_field_id&quot;:&quot;tipus_toldo_lona &quot;,&quot;cfef_logic_field_is&quot;:&quot;c&quot;,&quot;cfef_logic_compare_value&quot;:&quot;Told&quot;,&quot;_id&quot;:&quot;8046407&quot;}]},&quot;sortida&quot;:{&quot;display_mode&quot;:&quot;show&quot;,&quot;fire_action&quot;:&quot;Any&quot;,&quot; file_types&quot;:&quot;png&quot;,&quot;logic_data&quot;:[{&quot;cfef_logic_field_id&quot;:&quot;tipus_de_toldo_nou&quot;,&quot;cfef_logic_field_is&quot;:&quot;c&quot;,&quot;cfef_logic_compare_value&quot;:&quot;Tendal Bra\u00e7os invisibles&quot;,&quot;_id&quot;:&quot;cb51058&quot;},{&quot;cfef_logic_field_id&quot;:&quot;tipus_de_toldo_nou&quot;,&quot;cfef_logic_field_is&quot;:&quot;==&quot;,&quot;cfef_logic_compare_value&quot;:&quot;Tendal Cofre&quot;,&quot;_id&quot;:&quot;0d91b6f&quot;},{&quot;cfef_logic_field_id&quot;:&quot;tipus_de_toldo_nou&quot;,&quot;cfef_logic_field_is&quot;:&quot;==&quot;,&quot;cfef_logic_compare_value&quot;:&quot;Tendal Veranda&quot;,&quot;_id&quot;:&quot;a1fc585&quot;},{&quot;cfef_logic_field_id&quot;:&quot;tipus_de_toldo_nou&quot;,&quot;cfef_logic_field_is&quot;:&quot;==&quot;,&quot;cfef_logic_compare_value&quot;:&quot;Tendal Semicofre&quot;,&quot;_id&quot;:&quot;301c7e0&quot;},{&quot;cfef_logic_field_id&quot;:&quot;tipus_de_toldo_nou&quot;,&quot;cfef_logic_field_is&quot;:&quot;==&quot;,&quot;cfef_logic_compare_value&quot;:&quot;Tendal Sistema Monobloc&quot;,&quot;_id&quot;:&quot;3b2282c&quot;},{&quot;cfef_logic_field_id&quot;:&quot;tipus_de_toldo_nou&quot;,&quot;cfef_logic_field_is&quot;:&quot;==&quot;,&quot;cfef_logic_compare_value&quot;:&quot;Tendal Corred\u00eds&quot;,&quot;_id&quot;:&quot;8c5bd76&quot;},{&quot;cfef_logic_field_id&quot;:&quot;tipus_toldo_lona&quot;,&quot;cfef_logic_field_is&quot;:&quot;==&quot;,&quot;cfef_logic_compare_value&quot;:&quot;Tendal Bra\u00e7os Invisibles&quot;,&quot;_id&quot;:&quot;fa889aa&quot;},{&quot;cfef_logic_field_id&quot;:&quot;tipus_toldo_lona&quot;,&quot;cfef_logic_field_is&quot;:&quot;==&quot;,&quot;cfef_logic_compare_value&quot;:&quot;Tendal Bra\u00e7os Invisibles&quot;,&quot;_id&quot;:&quot;652e111&quot;},{&quot;cfef_logic_field_id&quot;:&quot;tipus_toldo_lona&quot;,&quot;cfef_logic_field_is&quot;:&quot;==&quot;,&quot;cfef_logic_compare_value&quot;:&quot;Tendal Corred\u00eds&quot;,&quot;_id&quot;:&quot;8990329&quot;},{&quot;cfef_logic_field_id&quot;:&quot;tipus_toldo_lona&quot;,&quot;cfef_logic_field_is&quot;:&quot;==&quot;,&quot;cfef_logic_compare_value&quot;:&quot;Tendal Cofre&quot;,&quot;_id&quot;:&quot;917b5bc&quot;},{&quot;cfef_logic_field_id&quot;:&quot;&quot;,&quot;cfef_logic_field_is&quot;:&quot;==&quot;,&quot;cfef_logic_compare_value&quot;:&quot;&quot;,&quot;_id&quot;:&quot;0f5c510&quot;}&quot;&quot;al\u00e7ada&quot; &quot;,&quot;fire_action&quot;:&quot;Any&quot;,&quot;file_types&quot;:&quot;png&quot;,&quot;logic_data&quot;:[{&quot;cfef_logic_field_id&quot;:&quot;tipus_toldo_lona&quot;,&quot;cfef_logic_field_is&quot;:&quot;==&quot;,&quot;cfef_logic_compare_value&quot;:&quot; Cortina&quot;,&quot;_id&quot;:&quot;cb51058&quot;},{&quot;cfef_logic_field_id&quot;:&quot;tipus_de_toldo_nou&quot;,&quot;cfef_logic_field_is&quot;:&quot;==&quot;,&quot;cfef_logic_compare_value&quot;:&quot;Tendal Cortina&quot;,&quot;_id&quot;:&quot;ac8ce11&quot;},{&quot;cfef_logic_field_id&quot;:&quot;tipus_de_toldo_nou&quot;,&quot;cfef_logic_field_is&quot;:&quot;==&quot;,&quot;cfef_logic_compare_value&quot;:&quot;Tendal Vertical&quot;,&quot;_id&quot;:&quot;77f94d7&quot;}]},&quot;field_fcdee5e&quot;:{&quot;display_mode&quot;:&quot;show&quot;,&quot;fire_action&quot;:&quot;Any&quot;,&quot;file_types&quot;:&quot;png&quot;,&quot;logic_data&quot;:[{&quot;cfef_logic_field_id&quot;:&quot;tipus _is&quot;:&quot;c&quot;,&quot;cfef_logic_compare_value&quot;:&quot;Recte&quot;,&quot;_id&quot;:&quot;cb51058&quot;},{&quot;cfef_logic_field_id&quot;:&quot;tipus _de_toldo_nou&quot;,&quot;cfef_logic_field_is&quot;:&quot;c&quot;,&quot;cfef_logic_compare_value&quot;:&quot;Recte&quot;,&quot;_id&quot;:&quot;93812 e5&quot;}]},&quot;comentari&quot;:{&quot;display_mode&quot;:&quot;show&quot;,&quot;fire_action&quot;:&quot;Any&quot;,&quot;file_types&quot;:&quot;png&quot;,&quot;logic_data&quot;:[{&quot;cfef_logic_field_id&quot;:&quot;tipus_toldo_lona&quot;,&quot;cfef_logic_field_is&quot; pare_value&quot;:&quot;&quot;,&quot;_id&quot;:&quot;f935cef&quot;},{&quot;cfef_logic_field_id&quot;:&quot;tipus_de_toldo_nou&quot;,&quot;cfef_logic_f ield_is&quot;:&quot;!e&quot;,&quot;cfef_logic_compare_value&quot;:&quot;&quot;,&quot;_id&quot;:&quot;dbc5917&quot;}]},&quot;field_3422a44&quot;:{&quot;display_m ode&quot;:&quot;show&quot;,&quot;fire_action&quot;:&quot;Any&quot;,&quot;file_types&quot;:&quot;png&quot;,&quot;logic_data&quot;:[{&quot;cfef_logic_field_id&quot;:&quot; tipus_de_toldo_nou&quot;,&quot;cfef_logic_field_is&quot;:&quot;!e&quot;,&quot;cfef_logic_compare_value&quot;:&quot;&quot;,&quot;_id&quot;:&quot;b5c9c 78&quot;}]},&quot;foto&quot;:{&quot;display_mode&quot;:&quot;show&quot;,&quot;fire_action&quot;:&quot;Any&quot;,&quot;file_types&quot;:&quot;png&quot;,&quot;logic_data&quot;:[{&quot;cfef_logic_field_id&quot;:&quot;tipus_de_toldo_nou&quot;,&quot;cfef_logic_field_ e_value&quot;:&quot;&quot;,&quot;_id&quot;:&quot;3c61d33&quot;}]},&quot;field_2f26711&quot;:{&quot;display_mode&quot;:&quot;show&quot;,&quot;fire_action&quot;:&quot;Any&quot; ,&quot;file_types&quot;:&quot;png&quot;,&quot;logic_data&quot;:[{&quot;cfef_logic_field_id&quot;:&quot;tipus_de_tendal_nou&quot;,&quot;cfef_logic _field_is&quot;:&quot;!e&quot;,&quot;cfef_logic_compare_value&quot;:&quot;&quot;,&quot;_id&quot;:&quot;b5c9c78&quot;},{&quot;cfef_logic_field_id&quot;:&quot;tip o_toldo_lona&quot;,&quot;cfef_logic_field_is&quot;:&quot;!e&quot;,&quot;cfef_logic_compare_value&quot;:&quot;&quot;,&quot;_id&quot;:&quot;69bcde7&quot;}]}}<\/template>\t\t<form class=\"elementor-form\" method=\"post\" id=\"footer_form\" action=\"\">\n\t\t\t<input type=\"hidden\" name=\"post_id\" value=\"6513\"\/>\n\t\t\t<input type=\"hidden\" name=\"form_id\" value=\"c332872\"\/>\n\t\t\t<input type=\"hidden\" name=\"referer_title\" value=\"provabot - Toldos Cerca\" \/>\n\n\t\t\t\t\t\t\t<input type=\"hidden\" name=\"queried_id\" value=\"6513\"\/>\n\t\t\t\n\t\t\t<div class=\"elementor-form-fields-wrapper elementor-labels-\">\n\t\t\t\t\t\t\t\t<div class=\"elementor-field-type-text elementor-field-group elementor-column elementor-field-group-field_0c3a53b elementor-col-50 elementor-field-required\">\n\t\t\t\t\t\t\t\t\t\t\t\t<label for=\"form-field-field_0c3a53b\" class=\"elementor-field-label elementor-screen-only\">\n\t\t\t\t\t\t\t\tNom\t\t\t\t\t\t\t<\/label>\n\t\t\t\t\t\t\t\t\t\t\t\t\t\t<input size=\"1\" type=\"text\" name=\"form_fields[field_0c3a53b]\" id=\"form-field-field_0c3a53b\" class=\"elementor-field elementor-size-md  elementor-field-textual\" placeholder=\"Nom\" required=\"required\">\n\t\t\t\t\t\t\t\t\t\t\t<\/div>\n\t\t\t\t\t\t\t\t<div class=\"elementor-field-type-text elementor-field-group elementor-column elementor-field-group-name elementor-col-50 elementor-field-required\">\n\t\t\t\t\t\t\t\t\t\t\t\t<label for=\"form-field-name\" class=\"elementor-field-label elementor-screen-only\">\n\t\t\t\t\t\t\t\tCognom\t\t\t\t\t\t\t<\/label>\n\t\t\t\t\t\t\t\t\t\t\t\t\t\t<input size=\"1\" type=\"text\" name=\"form_fields[name]\" id=\"form-field-name\" class=\"elementor-field elementor-size-md  elementor-field-textual\" placeholder=\"Cognom\" required=\"required\">\n\t\t\t\t\t\t\t\t\t\t\t<\/div>\n\t\t\t\t\t\t\t\t<div class=\"elementor-field-type-text elementor-field-group elementor-column elementor-field-group-field_e8871b4 elementor-col-50 elementor-field-required\">\n\t\t\t\t\t\t\t\t\t\t\t\t<label for=\"form-field-field_e8871b4\" class=\"elementor-field-label elementor-screen-only\">\n\t\t\t\t\t\t\t\tPoblaci\u00f3\t\t\t\t\t\t\t<\/label>\n\t\t\t\t\t\t\t\t\t\t\t\t\t\t<input size=\"1\" type=\"text\" name=\"form_fields[field_e8871b4]\" id=\"form-field-field_e8871b4\" class=\"elementor-field elementor-size-md  elementor-field-textual\" placeholder=\"Poblaci\u00f3 d&#039;instal\u00b7laci\u00f3\" required=\"required\">\n\t\t\t\t\t\t\t\t\t\t\t<\/div>\n\t\t\t\t\t\t\t\t<div class=\"elementor-field-type-tel elementor-field-group elementor-column elementor-field-group-field_3558add elementor-col-50 elementor-field-required\">\n\t\t\t\t\t\t\t\t\t\t\t\t<label for=\"form-field-field_3558add\" class=\"elementor-field-label elementor-screen-only\">\n\t\t\t\t\t\t\t\tTel\u00e8fon\t\t\t\t\t\t\t<\/label>\n\t\t\t\t\t\t\t\t<input size=\"1\" type=\"tel\" name=\"form_fields[field_3558add]\" id=\"form-field-field_3558add\" class=\"elementor-field elementor-size-md  elementor-field-textual\" placeholder=\"Tel\u00e8fon \/ Whatsapp\" required=\"required\" pattern=\"[0-9()#&amp;+*-=.]+\" title=\"Nom\u00e9s s&#039;accepten n\u00fameros i car\u00e0cters de tel\u00e8fon (#,-,*,etc).\">\n\n\t\t\t\t\t\t<\/div>\n\t\t\t\t\t\t\t\t<div class=\"elementor-field-type-radio elementor-field-group elementor-column elementor-field-group-sericio11 elementor-col-100 elementor-field-required\">\n\t\t\t\t\t\t\t\t\t\t\t\t<label for=\"form-field-sericio11\" class=\"elementor-field-label elementor-screen-only\">\n\t\t\t\t\t\t\t\tQuin servei necessites?\t\t\t\t\t\t\t<\/label>\n\t\t\t\t\t\t<div class=\"elementor-field-subgroup  editor_data_js cfefuniqueId_2678d00 cfefstyle_cfkef-ci-Input cfefsize_6 cfefstyleDefaultColor_#E0E0E0 cfefstyleColor_#E0E0E0 cfefcustomId_sericio11 cfeffieldType_radio elementor-subgroup-inline\"><span class=\"elementor-field-option\"><input type=\"radio\" value=\"Toldo Nuevo\" id=\"form-field-sericio11-0\" name=\"form_fields[sericio11]\" required=\"required\"> <label for=\"form-field-sericio11-0\">Tendal Nou<\/label><\/span><span class=\"elementor-field-option\"><input type=\"radio\" value=\"Cambio de lona\" id=\"form-field-sericio11-1\" name=\"form_fields[sericio11]\" required=\"required\"> <label for=\"form-field-sericio11-1\">Canvi de lona<\/label><\/span><\/div>\t\t\t\t<\/div>\n\t\t\t\t\t\t\t\t<div class=\"elementor-field-type-html elementor-field-group elementor-column elementor-field-group-field_a111f60 elementor-col-100\">\n\t\t\t\t\t<strong>Tria el tipus de tendal que vols<\/strong>\t\t\t\t<\/div>\n\t\t\t\t\t\t\t\t<div class=\"elementor-field-type-image_radio elementor-field-group elementor-column elementor-field-group-tipo_de_toldo_nuevo elementor-col-100 elementor-field-required\">\n\t\t\t\t\t\t\t\t\t\t\t\t<label for=\"form-field-tipo_de_toldo_nuevo\" class=\"elementor-field-label elementor-screen-only\">\n\t\t\t\t\t\t\t\tTendal Nou\t\t\t\t\t\t\t<\/label>\n\t\t\t\t\t\t<div class=\"elementor-field-subgroup\"><label class=\"image-radio-label vertical elementor-field\"><img decoding=\"async\" src=\"https:\/\/toldoscerca.com\/wp-content\/uploads\/2025\/02\/toldo-brazos-invisibles.jpg\" alt=\"Tendal Bra\u00e7os Invisibles\"><input type=\"radio\" id=\"form-field-tipo_de_toldo_nuevo\" name=\"form_fields[tipo_de_toldo_nuevo]\" value=\"Toldo Brazos Invisibles\" class=\"elementor-field elementor-radio\" data-widget-id=\"4714315\">Tendal Bra\u00e7os Invisibles<\/label><label class=\"image-radio-label vertical elementor-field\"><img decoding=\"async\" src=\"https:\/\/toldoscerca.com\/wp-content\/uploads\/2025\/02\/toldo-cofre.png\" alt=\"Tendal Cofre\"><input type=\"radio\" id=\"form-field-tipo_de_toldo_nuevo\" name=\"form_fields[tipo_de_toldo_nuevo]\" value=\"Toldo Cofre\" class=\"elementor-field elementor-radio\" data-widget-id=\"4714315\">Tendal Cofre<\/label><label class=\"image-radio-label vertical elementor-field\"><img decoding=\"async\" src=\"https:\/\/toldoscerca.com\/wp-content\/uploads\/2025\/02\/toldo-estor.jpg\" alt=\"Tendal Estor\"><input type=\"radio\" id=\"form-field-tipo_de_toldo_nuevo\" name=\"form_fields[tipo_de_toldo_nuevo]\" value=\"Toldo  Estor\" class=\"elementor-field elementor-radio\" data-widget-id=\"4714315\">Tendal Estor<\/label><label class=\"image-radio-label vertical elementor-field\"><img decoding=\"async\" src=\"https:\/\/toldoscerca.com\/wp-content\/uploads\/2025\/02\/toldo-punto-recto.jpg\" alt=\"Tendal de Punt Recte\"><input type=\"radio\" id=\"form-field-tipo_de_toldo_nuevo\" name=\"form_fields[tipo_de_toldo_nuevo]\" value=\"Toldo de Punto Recto\" class=\"elementor-field elementor-radio\" data-widget-id=\"4714315\">Tendal de Punt Recte<\/label><label class=\"image-radio-label vertical elementor-field\"><img decoding=\"async\" src=\"https:\/\/toldoscerca.com\/wp-content\/uploads\/2025\/02\/toldo-vertical.jpg\" alt=\"Tendal Vertical \"><input type=\"radio\" id=\"form-field-tipo_de_toldo_nuevo\" name=\"form_fields[tipo_de_toldo_nuevo]\" value=\"Toldo Vertical \" class=\"elementor-field elementor-radio\" data-widget-id=\"4714315\">Tendal Vertical <\/label><label class=\"image-radio-label vertical elementor-field\"><img decoding=\"async\" src=\"https:\/\/toldoscerca.com\/wp-content\/uploads\/2025\/02\/toldo-cortina.png\" alt=\"Tendal Cortina\"><input type=\"radio\" id=\"form-field-tipo_de_toldo_nuevo\" name=\"form_fields[tipo_de_toldo_nuevo]\" value=\"Toldo Cortina\" class=\"elementor-field elementor-radio\" data-widget-id=\"4714315\">Tendal Cortina<\/label><label class=\"image-radio-label vertical elementor-field\"><img decoding=\"async\" src=\"https:\/\/toldoscerca.com\/wp-content\/uploads\/2025\/02\/toldo-corredero.jpg\" alt=\"Tendal Correder\"><input type=\"radio\" id=\"form-field-tipo_de_toldo_nuevo\" name=\"form_fields[tipo_de_toldo_nuevo]\" value=\"Toldo Corredero\" class=\"elementor-field elementor-radio\" data-widget-id=\"4714315\">Tendal Correder<\/label><label class=\"image-radio-label vertical elementor-field\"><img decoding=\"async\" src=\"https:\/\/toldoscerca.com\/wp-content\/uploads\/2025\/02\/tolvo-veranda.jpg\" alt=\"Tendal Veranda\"><input type=\"radio\" id=\"form-field-tipo_de_toldo_nuevo\" name=\"form_fields[tipo_de_toldo_nuevo]\" value=\"Toldo Veranda\" class=\"elementor-field elementor-radio\" data-widget-id=\"4714315\">Tendal Veranda<\/label><\/div>\t\t\t\t<\/div>\n\t\t\t\t\t\t\t\t<div class=\"elementor-field-type-html elementor-field-group elementor-column elementor-field-group-field_a7554c6 elementor-col-100\">\n\t\t\t\t\t<strong>Quin tipus de tendal tens?<\/strong>\t\t\t\t<\/div>\n\t\t\t\t\t\t\t\t<div class=\"elementor-field-type-image_radio elementor-field-group elementor-column elementor-field-group-tipo_toldo_lona elementor-col-100 elementor-field-required\">\n\t\t\t\t\t\t\t\t\t\t\t\t<label for=\"form-field-tipo_toldo_lona\" class=\"elementor-field-label elementor-screen-only\">\n\t\t\t\t\t\t\t\tCanvi Lona\t\t\t\t\t\t\t<\/label>\n\t\t\t\t\t\t<div class=\"elementor-field-subgroup\"><label class=\"image-radio-label vertical elementor-field\"><img decoding=\"async\" src=\"https:\/\/toldoscerca.com\/wp-content\/uploads\/2025\/02\/freepik__enhance__39672.png\" alt=\"Tendal Bra\u00e7os Invisibles\"><input type=\"radio\" id=\"form-field-tipo_toldo_lona\" name=\"form_fields[tipo_toldo_lona]\" value=\"Toldo Brazos Invisibles\" class=\"elementor-field elementor-radio\" data-widget-id=\"aa89dce\">Tendal Bra\u00e7os Invisibles<\/label><label class=\"image-radio-label vertical elementor-field\"><img decoding=\"async\" src=\"https:\/\/toldoscerca.com\/wp-content\/uploads\/2024\/12\/saxun-metis-toldo-punto-recto-2.webp\" alt=\"Tendal de Punt Recte\"><input type=\"radio\" id=\"form-field-tipo_toldo_lona\" name=\"form_fields[tipo_toldo_lona]\" value=\"Toldo de Punto Recto\" class=\"elementor-field elementor-radio\" data-widget-id=\"aa89dce\">Tendal de Punt Recte<\/label><label class=\"image-radio-label vertical elementor-field\"><img decoding=\"async\" src=\"https:\/\/toldoscerca.com\/wp-content\/uploads\/2024\/12\/saxun-themis-toldo-estor-2.webp\" alt=\"Tendal Estor \"><input type=\"radio\" id=\"form-field-tipo_toldo_lona\" name=\"form_fields[tipo_toldo_lona]\" value=\"Toldo  Estor \" class=\"elementor-field elementor-radio\" data-widget-id=\"aa89dce\">Tendal Estor <\/label><label class=\"image-radio-label vertical elementor-field\"><img decoding=\"async\" src=\"https:\/\/toldoscerca.com\/wp-content\/uploads\/2025\/02\/cortina.jpg\" alt=\"Tendal Cortina\"><input type=\"radio\" id=\"form-field-tipo_toldo_lona\" name=\"form_fields[tipo_toldo_lona]\" value=\"Toldo Cortina\" class=\"elementor-field elementor-radio\" data-widget-id=\"aa89dce\">Tendal Cortina<\/label><\/div>\t\t\t\t<\/div>\n\t\t\t\t\t\t\t\t<div class=\"elementor-field-type-text elementor-field-group elementor-column elementor-field-group-linea elementor-col-50\">\n\t\t\t\t\t\t\t\t\t\t\t\t<label for=\"form-field-linea\" class=\"elementor-field-label elementor-screen-only\">\n\t\t\t\t\t\t\t\tL\u00ednia\t\t\t\t\t\t\t<\/label>\n\t\t\t\t\t\t\t\t\t\t\t\t\t\t<input size=\"1\" type=\"text\" name=\"form_fields[linea]\" id=\"form-field-linea\" class=\"elementor-field elementor-size-md  elementor-field-textual\" placeholder=\"Mida de l\u00ednia en cm (amplada del tendal)\">\n\t\t\t\t\t\t\t\t\t\t\t<\/div>\n\t\t\t\t\t\t\t\t<div class=\"elementor-field-type-text elementor-field-group elementor-column elementor-field-group-salida elementor-col-50\">\n\t\t\t\t\t\t\t\t\t\t\t\t<label for=\"form-field-salida\" class=\"elementor-field-label elementor-screen-only\">\n\t\t\t\t\t\t\t\tsortida\t\t\t\t\t\t\t<\/label>\n\t\t\t\t\t\t\t\t\t\t\t\t\t\t<input size=\"1\" type=\"text\" name=\"form_fields[salida]\" id=\"form-field-salida\" class=\"elementor-field elementor-size-md  elementor-field-textual\" placeholder=\"Mida de sortida en cm (el que es desplega)\">\n\t\t\t\t\t\t\t\t\t\t\t<\/div>\n\t\t\t\t\t\t\t\t<div class=\"elementor-field-type-text elementor-field-group elementor-column elementor-field-group-altura elementor-col-50\">\n\t\t\t\t\t\t\t\t\t\t\t\t<label for=\"form-field-altura\" class=\"elementor-field-label elementor-screen-only\">\n\t\t\t\t\t\t\t\taltura\t\t\t\t\t\t\t<\/label>\n\t\t\t\t\t\t\t\t\t\t\t\t\t\t<input size=\"1\" type=\"text\" name=\"form_fields[altura]\" id=\"form-field-altura\" class=\"elementor-field elementor-size-md  elementor-field-textual\" placeholder=\"Al\u00e7ada a Cm\">\n\t\t\t\t\t\t\t\t\t\t\t<\/div>\n\t\t\t\t\t\t\t\t<div class=\"elementor-field-type-select elementor-field-group elementor-column elementor-field-group-field_fcdee5e elementor-col-50\">\n\t\t\t\t\t\t\t\t\t\t\t\t<label for=\"form-field-field_fcdee5e\" class=\"elementor-field-label elementor-screen-only\">\n\t\t\t\t\t\t\t\tbra\u00e7os\t\t\t\t\t\t\t<\/label>\n\t\t\t\t\t\t\t\t<div class=\"elementor-field elementor-select-wrapper remove-before\">\n\t\t\t<div class=\"select-caret-down-wrapper\">\n\t\t\t\t<svg aria-hidden=\"true\" class=\"e-font-icon-svg e-eicon-caret-down\" viewbox=\"0 0 571.4 571.4\" xmlns=\"http:\/\/www.w3.org\/2000\/svg\"><path d=\"M571 393Q571 407 561 418L311 668Q300 679 286 679T261 668L11 418Q0 407 0 393T11 368 36 357H536Q550 357 561 368T571 393Z\"><\/path><\/svg>\t\t\t<\/div>\n\t\t\t<select name=\"form_fields[field_fcdee5e]\" id=\"form-field-field_fcdee5e\" class=\"elementor-field-textual elementor-size-md\">\n\t\t\t\t\t\t\t\t\t<option value=\"Medida del brazo\">Mesura del bra\u00e7<\/option>\n\t\t\t\t\t\t\t\t\t<option value=\"60 cm\">60 cm<\/option>\n\t\t\t\t\t\t\t\t\t<option value=\"70 cm\">70 cm<\/option>\n\t\t\t\t\t\t\t\t\t<option value=\"80 cm\">80 cm<\/option>\n\t\t\t\t\t\t\t\t\t<option value=\"100 cm\">100 cm<\/option>\n\t\t\t\t\t\t\t\t\t<option value=\"120 cm\">120 cm<\/option>\n\t\t\t\t\t\t\t\t\t<option value=\"140 cm\">140 cm<\/option>\n\t\t\t\t\t\t\t<\/select>\n\t\t<\/div>\n\t\t\t\t\t\t<\/div>\n\t\t\t\t\t\t\t\t<div class=\"elementor-field-type-textarea elementor-field-group elementor-column elementor-field-group-comentario elementor-col-100\">\n\t\t\t\t\t\t\t\t\t\t\t\t<label for=\"form-field-comentario\" class=\"elementor-field-label elementor-screen-only\">\n\t\t\t\t\t\t\t\tComentari\t\t\t\t\t\t\t<\/label>\n\t\t\t\t\t\t<textarea class=\"elementor-field-textual elementor-field  elementor-size-md\" name=\"form_fields[comentario]\" id=\"form-field-comentario\" rows=\"4\" placeholder=\"Comentari addicional\"><\/textarea>\t\t\t\t<\/div>\n\t\t\t\t\t\t\t\t<div class=\"elementor-field-type-html elementor-field-group elementor-column elementor-field-group-field_3422a44 elementor-col-100\">\n\t\t\t\t\t<strong>Si ens adjuntes una foto de la ubicaci\u00f3 on anir\u00e0 el tendal et podrem aconsellar millor (Opcional)\t\t\t\t<\/div>\n\t\t\t\t\t\t\t\t<div class=\"elementor-field-type-upload elementor-field-group elementor-column elementor-field-group-foto elementor-col-100\">\n\t\t\t\t\t\t\t\t\t\t\t\t<label for=\"form-field-foto\" class=\"elementor-field-label elementor-screen-only\">\n\t\t\t\t\t\t\t\tFotos\t\t\t\t\t\t\t<\/label>\n\t\t\t\t\t\t\t\t<input type=\"file\" name=\"form_fields[foto]\" id=\"form-field-foto\" class=\"elementor-field elementor-size-md  elementor-upload-field\">\n\n\t\t\t\t\t\t<\/div>\n\t\t\t\t\t\t\t\t<div class=\"elementor-field-type-recaptcha_v3 elementor-field-group elementor-column elementor-field-group-field_72eaf34 elementor-col-100   recaptcha_v3-inline\">\n\t\t\t\t\t<div class=\"elementor-field\" id=\"form-field-field_72eaf34\"><div class=\"elementor-g-recaptcha\" data-sitekey=\"6LeERSgqAAAAADZS7_KvFlaMaqdtCzI5BOYSnN6Y\" data-type=\"v3\" data-action=\"Form\" data-badge=\"inline\" data-size=\"invisible\"><\/div><\/div>\t\t\t\t<\/div>\n\t\t\t\t\t\t\t\t<div class=\"elementor-field-type-html elementor-field-group elementor-column elementor-field-group-field_2f26711 elementor-col-100\">\n\t\t\t\t\tAccepto la <a href=\"https:\/\/toldoscerca.com\/ca\/politica-de-privadesa\/\" style=\"text-decoration: underline\">Pol\u00edtica de Privadesa<\/a><br>\nSite protected by reCAPTCHA and the Google\n\t\t\t\t<\/div>\n\t\t\t\t\t\t\t\t<div class=\"elementor-field-group elementor-column elementor-field-type-submit elementor-col-100 e-form__buttons elementor-sm-100\">\n\t\t\t\t\t<button class=\"elementor-button elementor-size-md\" type=\"submit\">\n\t\t\t\t\t\t<span class=\"elementor-button-content-wrapper\">\n\t\t\t\t\t\t\t\t\t\t\t\t\t\t\t<span class=\"elementor-button-icon\">\n\t\t\t\t\t\t\t\t\t<svg aria-hidden=\"true\" class=\"e-font-icon-svg e-fas-arrow-right\" viewbox=\"0 0 448 512\" xmlns=\"http:\/\/www.w3.org\/2000\/svg\"><path d=\"M190.5 66.9l22.2-22.2c9.4-9.4 24.6-9.4 33.9 0L441 239c9.4 9.4 9.4 24.6 0 33.9L246.6 467.3c-9.4 9.4-24.6 9.4-33.9 0l-22.2-22.2c-9.5-9.5-9.3-25 .4-34.3L311.4 296H24c-13.3 0-24-10.7-24-24v-32c0-13.3 10.7-24 24-24h287.4L190.9 101.2c-9.8-9.3-10-24.8-.4-34.3z\"><\/path><\/svg>\t\t\t\t\t\t\t\t\t\t\t\t\t\t\t\t\t<\/span>\n\t\t\t\t\t\t\t\t\t\t\t\t\t\t\t\t\t\t\t\t\t\t<span class=\"elementor-button-text\">Rebre Pressupost<\/span>\n\t\t\t\t\t\t\t\t\t\t\t\t\t<\/span>\n\t\t\t\t\t<\/button>\n\t\t\t\t<\/div>\n\t\t\t<\/div>\n\t\t<input type=\"hidden\" name=\"trp-form-language\" value=\"ca\"\/><\/form>\n\t\t\t\t\t\t<\/div>\n\t\t\t\t<\/div>\n\t\t\t\t\t<\/div>\n\t\t\t\t<\/div>\n\t\t\t\t<\/div>","protected":false},"excerpt":{"rendered":"","protected":false},"author":3,"featured_media":0,"parent":0,"menu_order":0,"comment_status":"closed","ping_status":"closed","template":"","meta":{"_acf_changed":false,"footnotes":""},"class_list":["post-6513","page","type-page","status-publish","hentry"],"acf":[],"_links":{"self":[{"href":"https:\/\/toldoscerca.com\/ca\/wp-json\/wp\/v2\/pages\/6513","targetHints":{"allow":["GET"]}}],"collection":[{"href":"https:\/\/toldoscerca.com\/ca\/wp-json\/wp\/v2\/pages"}],"about":[{"href":"https:\/\/toldoscerca.com\/ca\/wp-json\/wp\/v2\/types\/page"}],"author":[{"embeddable":true,"href":"https:\/\/toldoscerca.com\/ca\/wp-json\/wp\/v2\/users\/3"}],"replies":[{"embeddable":true,"href":"https:\/\/toldoscerca.com\/ca\/wp-json\/wp\/v2\/comments?post=6513"}],"version-history":[{"count":4,"href":"https:\/\/toldoscerca.com\/ca\/wp-json\/wp\/v2\/pages\/6513\/revisions"}],"predecessor-version":[{"id":6517,"href":"https:\/\/toldoscerca.com\/ca\/wp-json\/wp\/v2\/pages\/6513\/revisions\/6517"}],"wp:attachment":[{"href":"https:\/\/toldoscerca.com\/ca\/wp-json\/wp\/v2\/media?parent=6513"}],"curies":[{"name":"wp","href":"https:\/\/api.w.org\/{rel}","templated":true}]}}